{"id":217,"date":"2021-10-01T11:32:18","date_gmt":"2021-10-01T09:32:18","guid":{"rendered":"http:\/\/skandlit.de\/?page_id=217"},"modified":"2021-10-01T11:32:27","modified_gmt":"2021-10-01T09:32:27","slug":"workshops","status":"publish","type":"page","link":"https:\/\/skandlit.de\/en\/workshops\/","title":{"rendered":"workshops"},"content":{"rendered":"<div data-elementor-type=\"wp-page\" data-elementor-id=\"217\" class=\"elementor elementor-217\">\n\t\t\t\t\t\t\t\t\t<section class=\"elementor-section elementor-top-section elementor-element elementor-element-330b2206 elementor-section-boxed elementor-section-height-default elementor-section-height-default\" data-id=\"330b2206\" data-element_type=\"section\">\n\t\t\t\t\t\t<div class=\"elementor-container elementor-column-gap-default\">\n\t\t\t\t\t<div class=\"elementor-column elementor-col-100 elementor-top-column elementor-element elementor-element-6671307a\" data-id=\"6671307a\" data-element_type=\"column\">\n\t\t\t<div class=\"elementor-widget-wrap elementor-element-populated\">\n\t\t\t\t\t\t\t\t<div class=\"elementor-element elementor-element-740541bc elementor-widget__width-initial elementor-widget elementor-widget-heading\" data-id=\"740541bc\" data-element_type=\"widget\" data-widget_type=\"heading.default\">\n\t\t\t\t<div class=\"elementor-widget-container\">\n\t\t\t<style>\/*! elementor - v3.8.0 - 30-10-2022 *\/\n.elementor-heading-title{padding:0;margin:0;line-height:1}.elementor-widget-heading .elementor-heading-title[class*=elementor-size-]>a{color:inherit;font-size:inherit;line-height:inherit}.elementor-widget-heading .elementor-heading-title.elementor-size-small{font-size:15px}.elementor-widget-heading .elementor-heading-title.elementor-size-medium{font-size:19px}.elementor-widget-heading .elementor-heading-title.elementor-size-large{font-size:29px}.elementor-widget-heading .elementor-heading-title.elementor-size-xl{font-size:39px}.elementor-widget-heading .elementor-heading-title.elementor-size-xxl{font-size:59px}<\/style><h1 class=\"elementor-heading-title elementor-size-large\">workshops\n<\/h1>\t\t<\/div>\n\t\t\t\t<\/div>\n\t\t\t\t\t<\/div>\n\t\t<\/div>\n\t\t\t\t\t\t\t<\/div>\n\t\t<\/section>\n\t\t\t\t<section class=\"elementor-section elementor-top-section elementor-element elementor-element-128e364a elementor-section-boxed elementor-section-height-default elementor-section-height-default\" data-id=\"128e364a\" data-element_type=\"section\">\n\t\t\t\t\t\t<div class=\"elementor-container elementor-column-gap-default\">\n\t\t\t\t\t<div class=\"elementor-column elementor-col-100 elementor-top-column elementor-element elementor-element-2db2d4aa\" data-id=\"2db2d4aa\" data-element_type=\"column\">\n\t\t\t<div class=\"elementor-widget-wrap elementor-element-populated\">\n\t\t\t\t\t\t\t\t<div class=\"elementor-element elementor-element-685de4b elementor-widget__width-initial elementor-widget elementor-widget-text-editor\" data-id=\"685de4b\" data-element_type=\"widget\" data-widget_type=\"text-editor.default\">\n\t\t\t\t<div class=\"elementor-widget-container\">\n\t\t\t<style>\/*! elementor - v3.8.0 - 30-10-2022 *\/\n.elementor-widget-text-editor.elementor-drop-cap-view-stacked .elementor-drop-cap{background-color:#818a91;color:#fff}.elementor-widget-text-editor.elementor-drop-cap-view-framed .elementor-drop-cap{color:#818a91;border:3px solid;background-color:transparent}.elementor-widget-text-editor:not(.elementor-drop-cap-view-default) .elementor-drop-cap{margin-top:8px}.elementor-widget-text-editor:not(.elementor-drop-cap-view-default) .elementor-drop-cap-letter{width:1em;height:1em}.elementor-widget-text-editor .elementor-drop-cap{float:left;text-align:center;line-height:1;font-size:50px}.elementor-widget-text-editor .elementor-drop-cap-letter{display:inline-block}<\/style>\t\t\t\t<p><span class=\"fett\">Skandlit<\/span> offers you the unique opportunity to learn more about the country and its people in a short time and in a creative environment in the Denmark workshops. <br \/><br \/><span class=\"fett\">Skandlit<\/span> provides information on selected topics related to Denmark, such as Danish festivals (Christmas, Easter, etc.), Danish food (sm\u00f8rrebr\u00f8d, \u00e6bleskiver, fastelavnsboller), Danish culture (literature, film, design). <br \/><br \/><span class=\"fett\">Skandlit<\/span> gives you the opportunity in language intensive workshops to prepare in a short time for your next vacation, future work or study situation.<\/p>\t\t\t\t\t\t<\/div>\n\t\t\t\t<\/div>\n\t\t\t\t\t<\/div>\n\t\t<\/div>\n\t\t\t\t\t\t\t<\/div>\n\t\t<\/section>\n\t\t\t\t\t\t\t<\/div>","protected":false},"excerpt":{"rendered":"<p>Workshops Skandlit bietet Ihnen in den D\u00e4nemark-Workshops die einzigartige M\u00f6glichkeit, in kurzer Zeit und in einem kreativen Umfeld mehr \u00fcber Land und Leute zu erfahren. Skandlit informiert \u00fcber ausgew\u00e4hlte landeskundliche Themen wie bspw. D\u00e4nische Feste (Weihnachten, Ostern etc.), D\u00e4nisches Essen (sm\u00f8rrebr\u00f8d, \u00e6bleskiver, fastelavnsboller), D\u00e4nische Kultur (Literatur, Film, Design). Skandlit gibt Ihnen in Sprachintensiv-Workshops die Gelegenheit, [&hellip;]<\/p>","protected":false},"author":2,"featured_media":0,"parent":0,"menu_order":0,"comment_status":"closed","ping_status":"closed","template":"elementor_header_footer","meta":{"footnotes":""},"class_list":["post-217","page","type-page","status-publish","hentry"],"_links":{"self":[{"href":"https:\/\/skandlit.de\/en\/wp-json\/wp\/v2\/pages\/217","targetHints":{"allow":["GET"]}}],"collection":[{"href":"https:\/\/skandlit.de\/en\/wp-json\/wp\/v2\/pages"}],"about":[{"href":"https:\/\/skandlit.de\/en\/wp-json\/wp\/v2\/types\/page"}],"author":[{"embeddable":true,"href":"https:\/\/skandlit.de\/en\/wp-json\/wp\/v2\/users\/2"}],"replies":[{"embeddable":true,"href":"https:\/\/skandlit.de\/en\/wp-json\/wp\/v2\/comments?post=217"}],"version-history":[{"count":4,"href":"https:\/\/skandlit.de\/en\/wp-json\/wp\/v2\/pages\/217\/revisions"}],"predecessor-version":[{"id":221,"href":"https:\/\/skandlit.de\/en\/wp-json\/wp\/v2\/pages\/217\/revisions\/221"}],"wp:attachment":[{"href":"https:\/\/skandlit.de\/en\/wp-json\/wp\/v2\/media?parent=217"}],"curies":[{"name":"wp","href":"https:\/\/api.w.org\/{rel}","templated":true}]}}