{"id":207,"date":"2021-10-01T11:30:32","date_gmt":"2021-10-01T09:30:32","guid":{"rendered":"http:\/\/skandlit.de\/?page_id=207"},"modified":"2021-10-01T11:30:45","modified_gmt":"2021-10-01T09:30:45","slug":"kleingruppen","status":"publish","type":"page","link":"https:\/\/skandlit.de\/en\/kleingruppen\/","title":{"rendered":"small group courses"},"content":{"rendered":"<div data-elementor-type=\"wp-page\" data-elementor-id=\"207\" class=\"elementor elementor-207\">\n\t\t\t\t\t\t\t\t\t<section class=\"elementor-section elementor-top-section elementor-element elementor-element-1362fcf1 elementor-section-boxed elementor-section-height-default elementor-section-height-default\" data-id=\"1362fcf1\" data-element_type=\"section\">\n\t\t\t\t\t\t<div class=\"elementor-container elementor-column-gap-default\">\n\t\t\t\t\t<div class=\"elementor-column elementor-col-100 elementor-top-column elementor-element elementor-element-42b2eb06\" data-id=\"42b2eb06\" data-element_type=\"column\">\n\t\t\t<div class=\"elementor-widget-wrap elementor-element-populated\">\n\t\t\t\t\t\t\t\t<div class=\"elementor-element elementor-element-6785ea3d elementor-widget__width-initial elementor-widget elementor-widget-heading\" data-id=\"6785ea3d\" data-element_type=\"widget\" data-widget_type=\"heading.default\">\n\t\t\t\t<div class=\"elementor-widget-container\">\n\t\t\t<style>\/*! elementor - v3.8.0 - 30-10-2022 *\/\n.elementor-heading-title{padding:0;margin:0;line-height:1}.elementor-widget-heading .elementor-heading-title[class*=elementor-size-]>a{color:inherit;font-size:inherit;line-height:inherit}.elementor-widget-heading .elementor-heading-title.elementor-size-small{font-size:15px}.elementor-widget-heading .elementor-heading-title.elementor-size-medium{font-size:19px}.elementor-widget-heading .elementor-heading-title.elementor-size-large{font-size:29px}.elementor-widget-heading .elementor-heading-title.elementor-size-xl{font-size:39px}.elementor-widget-heading .elementor-heading-title.elementor-size-xxl{font-size:59px}<\/style><h1 class=\"elementor-heading-title elementor-size-large\">small group courses\n<\/h1>\t\t<\/div>\n\t\t\t\t<\/div>\n\t\t\t\t\t<\/div>\n\t\t<\/div>\n\t\t\t\t\t\t\t<\/div>\n\t\t<\/section>\n\t\t\t\t<section class=\"elementor-section elementor-top-section elementor-element elementor-element-5ec111a9 elementor-section-boxed elementor-section-height-default elementor-section-height-default\" data-id=\"5ec111a9\" data-element_type=\"section\">\n\t\t\t\t\t\t<div class=\"elementor-container elementor-column-gap-default\">\n\t\t\t\t\t<div class=\"elementor-column elementor-col-100 elementor-top-column elementor-element elementor-element-3a46025e\" data-id=\"3a46025e\" data-element_type=\"column\">\n\t\t\t<div class=\"elementor-widget-wrap elementor-element-populated\">\n\t\t\t\t\t\t\t\t<div class=\"elementor-element elementor-element-76733625 elementor-widget__width-initial elementor-widget elementor-widget-text-editor\" data-id=\"76733625\" data-element_type=\"widget\" data-widget_type=\"text-editor.default\">\n\t\t\t\t<div class=\"elementor-widget-container\">\n\t\t\t<style>\/*! elementor - v3.8.0 - 30-10-2022 *\/\n.elementor-widget-text-editor.elementor-drop-cap-view-stacked .elementor-drop-cap{background-color:#818a91;color:#fff}.elementor-widget-text-editor.elementor-drop-cap-view-framed .elementor-drop-cap{color:#818a91;border:3px solid;background-color:transparent}.elementor-widget-text-editor:not(.elementor-drop-cap-view-default) .elementor-drop-cap{margin-top:8px}.elementor-widget-text-editor:not(.elementor-drop-cap-view-default) .elementor-drop-cap-letter{width:1em;height:1em}.elementor-widget-text-editor .elementor-drop-cap{float:left;text-align:center;line-height:1;font-size:50px}.elementor-widget-text-editor .elementor-drop-cap-letter{display:inline-block}<\/style>\t\t\t\t<p><span class=\"fett\">Skandlit<\/span> offers you a valuable opportunity to learn Danish interactively through its small group courses. The biggest advantage of working in a small group is the communicative aspect \u2013 being able to create real-life and authentic situations and work interactively with one another is both interesting and conducive to the learning atmosphere.<br \/><br \/><span class=\"fett\">Skandlit<\/span> also has special offers for firms, providing the continual and progressive development of a specific terminology that suits the area of expertise of your business (i.e. healthcare, economy, special crafts, etc.).<br \/><br \/><span class=\"fett\">Skandlit<\/span> will work with you to determine the amount of learning hours and materials you need, the teaching time required and the central themes of interest before courses begin.<\/p>\t\t\t\t\t\t<\/div>\n\t\t\t\t<\/div>\n\t\t\t\t\t<\/div>\n\t\t<\/div>\n\t\t\t\t\t\t\t<\/div>\n\t\t<\/section>\n\t\t\t\t\t\t\t<\/div>","protected":false},"excerpt":{"rendered":"<p>Kleingruppen Skandlit bietet Ihnen im Kleingruppenunterricht die einzigartige M\u00f6glichkeit, interaktiv die d\u00e4nische Sprache zu erlernen. Im Vordergrund steht vor allem der kommunikative Aspekt, da in Kleingruppen situationsrelevante Handlungen aufgenommen und authentisch umgesetzt werden k\u00f6nnen. Skandlit erm\u00f6glicht speziell f\u00fcr Firmenkunden den kontinuierlichen und progressiven Aufbau eines spezifischen Fachvokabulars, entsprechend dem Fachgebiet Ihres Unternehmens (bspw. Gesundheitswesen, Wirtschaft, [&hellip;]<\/p>","protected":false},"author":2,"featured_media":0,"parent":0,"menu_order":0,"comment_status":"closed","ping_status":"closed","template":"elementor_header_footer","meta":{"footnotes":""},"class_list":["post-207","page","type-page","status-publish","hentry"],"_links":{"self":[{"href":"https:\/\/skandlit.de\/en\/wp-json\/wp\/v2\/pages\/207","targetHints":{"allow":["GET"]}}],"collection":[{"href":"https:\/\/skandlit.de\/en\/wp-json\/wp\/v2\/pages"}],"about":[{"href":"https:\/\/skandlit.de\/en\/wp-json\/wp\/v2\/types\/page"}],"author":[{"embeddable":true,"href":"https:\/\/skandlit.de\/en\/wp-json\/wp\/v2\/users\/2"}],"replies":[{"embeddable":true,"href":"https:\/\/skandlit.de\/en\/wp-json\/wp\/v2\/comments?post=207"}],"version-history":[{"count":4,"href":"https:\/\/skandlit.de\/en\/wp-json\/wp\/v2\/pages\/207\/revisions"}],"predecessor-version":[{"id":211,"href":"https:\/\/skandlit.de\/en\/wp-json\/wp\/v2\/pages\/207\/revisions\/211"}],"wp:attachment":[{"href":"https:\/\/skandlit.de\/en\/wp-json\/wp\/v2\/media?parent=207"}],"curies":[{"name":"wp","href":"https:\/\/api.w.org\/{rel}","templated":true}]}}