{"id":202,"date":"2021-10-01T11:29:27","date_gmt":"2021-10-01T09:29:27","guid":{"rendered":"http:\/\/skandlit.de\/?page_id=202"},"modified":"2021-10-06T11:56:59","modified_gmt":"2021-10-06T09:56:59","slug":"preise","status":"publish","type":"page","link":"https:\/\/skandlit.de\/en\/preise\/","title":{"rendered":"pricing"},"content":{"rendered":"<div data-elementor-type=\"wp-page\" data-elementor-id=\"202\" class=\"elementor elementor-202\">\n\t\t\t\t\t\t\t\t\t<section class=\"elementor-section elementor-top-section elementor-element elementor-element-64b2345b elementor-section-boxed elementor-section-height-default elementor-section-height-default\" data-id=\"64b2345b\" data-element_type=\"section\">\n\t\t\t\t\t\t<div class=\"elementor-container elementor-column-gap-default\">\n\t\t\t\t\t<div class=\"elementor-column elementor-col-100 elementor-top-column elementor-element elementor-element-50b74c75\" data-id=\"50b74c75\" data-element_type=\"column\">\n\t\t\t<div class=\"elementor-widget-wrap elementor-element-populated\">\n\t\t\t\t\t\t\t\t<div class=\"elementor-element elementor-element-4f0a8af6 elementor-widget__width-initial elementor-widget elementor-widget-heading\" data-id=\"4f0a8af6\" data-element_type=\"widget\" data-widget_type=\"heading.default\">\n\t\t\t\t<div class=\"elementor-widget-container\">\n\t\t\t<style>\/*! elementor - v3.8.0 - 30-10-2022 *\/\n.elementor-heading-title{padding:0;margin:0;line-height:1}.elementor-widget-heading .elementor-heading-title[class*=elementor-size-]>a{color:inherit;font-size:inherit;line-height:inherit}.elementor-widget-heading .elementor-heading-title.elementor-size-small{font-size:15px}.elementor-widget-heading .elementor-heading-title.elementor-size-medium{font-size:19px}.elementor-widget-heading .elementor-heading-title.elementor-size-large{font-size:29px}.elementor-widget-heading .elementor-heading-title.elementor-size-xl{font-size:39px}.elementor-widget-heading .elementor-heading-title.elementor-size-xxl{font-size:59px}<\/style><h1 class=\"elementor-heading-title elementor-size-large\">pricing\n<\/h1>\t\t<\/div>\n\t\t\t\t<\/div>\n\t\t\t\t\t<\/div>\n\t\t<\/div>\n\t\t\t\t\t\t\t<\/div>\n\t\t<\/section>\n\t\t\t\t<section class=\"elementor-section elementor-top-section elementor-element elementor-element-130b9ba1 elementor-section-boxed elementor-section-height-default elementor-section-height-default\" data-id=\"130b9ba1\" data-element_type=\"section\">\n\t\t\t\t\t\t<div class=\"elementor-container elementor-column-gap-default\">\n\t\t\t\t\t<div class=\"elementor-column elementor-col-100 elementor-top-column elementor-element elementor-element-699b6748\" data-id=\"699b6748\" data-element_type=\"column\">\n\t\t\t<div class=\"elementor-widget-wrap elementor-element-populated\">\n\t\t\t\t\t\t\t\t<div class=\"elementor-element elementor-element-54abcd3d elementor-widget__width-initial elementor-widget elementor-widget-text-editor\" data-id=\"54abcd3d\" data-element_type=\"widget\" data-widget_type=\"text-editor.default\">\n\t\t\t\t<div class=\"elementor-widget-container\">\n\t\t\t<style>\/*! elementor - v3.8.0 - 30-10-2022 *\/\n.elementor-widget-text-editor.elementor-drop-cap-view-stacked .elementor-drop-cap{background-color:#818a91;color:#fff}.elementor-widget-text-editor.elementor-drop-cap-view-framed .elementor-drop-cap{color:#818a91;border:3px solid;background-color:transparent}.elementor-widget-text-editor:not(.elementor-drop-cap-view-default) .elementor-drop-cap{margin-top:8px}.elementor-widget-text-editor:not(.elementor-drop-cap-view-default) .elementor-drop-cap-letter{width:1em;height:1em}.elementor-widget-text-editor .elementor-drop-cap{float:left;text-align:center;line-height:1;font-size:50px}.elementor-widget-text-editor .elementor-drop-cap-letter{display:inline-block}<\/style>\t\t\t\t<span class=\"fett\">Skandlit <\/span>Skandlit charges 50 euros per 45 minutes for private customers and 100 euros per 45 minutes for corporate customers.\n\n<span class=\"fett\">Skandlit<\/span> veranschlagt f\u00fcr die Workshops und das Workshop Special die anfallenden Kosten je nach Stundenumfang und Leistungsaufwand.\n\nAlle Preise verstehen sich zzgl. 19 % Mehrwertsteuer. Eine Erm\u00e4\u00dfigung kann leider nicht gew\u00e4hrt werden.\n\nDas Kursmaterial bspw. Lehr- und Arbeitsb\u00fccher sind nicht im Honorar mit einbezogen.\n\nBitte lesen Sie auch die <a href=\"http:\/\/skandlit.de\/index.php?l=la&amp;m=Sprachkurse&amp;t=Anmelde-+und+Kursbedingungen\">course and registration terms and conditions<\/a>.\t\t\t\t\t\t<\/div>\n\t\t\t\t<\/div>\n\t\t\t\t\t<\/div>\n\t\t<\/div>\n\t\t\t\t\t\t\t<\/div>\n\t\t<\/section>\n\t\t\t\t\t\t\t<\/div>","protected":false},"excerpt":{"rendered":"<p>Preise Skandlit berechnet f\u00fcr Privatkunden 50 Euro pro 45 Minuten und f\u00fcr Firmenkunden 100 Euro pro 45 Minuten. Skandlit veranschlagt f\u00fcr die Workshops und das Workshop Special die anfallenden Kosten je nach Stundenumfang und Leistungsaufwand. Alle Preise verstehen sich zzgl. 19 % Mehrwertsteuer. Eine Erm\u00e4\u00dfigung kann leider nicht gew\u00e4hrt werden. Das Kursmaterial bspw. Lehr- und [&hellip;]<\/p>","protected":false},"author":2,"featured_media":0,"parent":0,"menu_order":0,"comment_status":"closed","ping_status":"closed","template":"elementor_header_footer","meta":{"footnotes":""},"class_list":["post-202","page","type-page","status-publish","hentry"],"_links":{"self":[{"href":"https:\/\/skandlit.de\/en\/wp-json\/wp\/v2\/pages\/202","targetHints":{"allow":["GET"]}}],"collection":[{"href":"https:\/\/skandlit.de\/en\/wp-json\/wp\/v2\/pages"}],"about":[{"href":"https:\/\/skandlit.de\/en\/wp-json\/wp\/v2\/types\/page"}],"author":[{"embeddable":true,"href":"https:\/\/skandlit.de\/en\/wp-json\/wp\/v2\/users\/2"}],"replies":[{"embeddable":true,"href":"https:\/\/skandlit.de\/en\/wp-json\/wp\/v2\/comments?post=202"}],"version-history":[{"count":8,"href":"https:\/\/skandlit.de\/en\/wp-json\/wp\/v2\/pages\/202\/revisions"}],"predecessor-version":[{"id":237,"href":"https:\/\/skandlit.de\/en\/wp-json\/wp\/v2\/pages\/202\/revisions\/237"}],"wp:attachment":[{"href":"https:\/\/skandlit.de\/en\/wp-json\/wp\/v2\/media?parent=202"}],"curies":[{"name":"wp","href":"https:\/\/api.w.org\/{rel}","templated":true}]}}