{"id":187,"date":"2021-10-01T11:20:54","date_gmt":"2021-10-01T09:20:54","guid":{"rendered":"http:\/\/skandlit.de\/?page_id=187"},"modified":"2021-10-01T11:23:55","modified_gmt":"2021-10-01T09:23:55","slug":"einzelunterricht","status":"publish","type":"page","link":"https:\/\/skandlit.de\/en\/einzelunterricht\/","title":{"rendered":"private individual lessons"},"content":{"rendered":"<div data-elementor-type=\"wp-page\" data-elementor-id=\"187\" class=\"elementor elementor-187\">\n\t\t\t\t\t\t\t\t\t<section class=\"elementor-section elementor-top-section elementor-element elementor-element-e167e79 elementor-section-boxed elementor-section-height-default elementor-section-height-default\" data-id=\"e167e79\" data-element_type=\"section\">\n\t\t\t\t\t\t<div class=\"elementor-container elementor-column-gap-default\">\n\t\t\t\t\t<div class=\"elementor-column elementor-col-100 elementor-top-column elementor-element elementor-element-0fb912e\" data-id=\"0fb912e\" data-element_type=\"column\">\n\t\t\t<div class=\"elementor-widget-wrap elementor-element-populated\">\n\t\t\t\t\t\t\t\t<div class=\"elementor-element elementor-element-fbdbfbc elementor-widget__width-initial elementor-widget elementor-widget-heading\" data-id=\"fbdbfbc\" data-element_type=\"widget\" data-widget_type=\"heading.default\">\n\t\t\t\t<div class=\"elementor-widget-container\">\n\t\t\t<style>\/*! elementor - v3.8.0 - 30-10-2022 *\/\n.elementor-heading-title{padding:0;margin:0;line-height:1}.elementor-widget-heading .elementor-heading-title[class*=elementor-size-]>a{color:inherit;font-size:inherit;line-height:inherit}.elementor-widget-heading .elementor-heading-title.elementor-size-small{font-size:15px}.elementor-widget-heading .elementor-heading-title.elementor-size-medium{font-size:19px}.elementor-widget-heading .elementor-heading-title.elementor-size-large{font-size:29px}.elementor-widget-heading .elementor-heading-title.elementor-size-xl{font-size:39px}.elementor-widget-heading .elementor-heading-title.elementor-size-xxl{font-size:59px}<\/style><h1 class=\"elementor-heading-title elementor-size-large\">private individual lessons\n<\/h1>\t\t<\/div>\n\t\t\t\t<\/div>\n\t\t\t\t\t<\/div>\n\t\t<\/div>\n\t\t\t\t\t\t\t<\/div>\n\t\t<\/section>\n\t\t\t\t<section class=\"elementor-section elementor-top-section elementor-element elementor-element-7835a92 elementor-section-boxed elementor-section-height-default elementor-section-height-default\" data-id=\"7835a92\" data-element_type=\"section\">\n\t\t\t\t\t\t<div class=\"elementor-container elementor-column-gap-default\">\n\t\t\t\t\t<div class=\"elementor-column elementor-col-100 elementor-top-column elementor-element elementor-element-51d5924\" data-id=\"51d5924\" data-element_type=\"column\">\n\t\t\t<div class=\"elementor-widget-wrap elementor-element-populated\">\n\t\t\t\t\t\t\t\t<div class=\"elementor-element elementor-element-37ab4ba elementor-widget__width-initial elementor-widget elementor-widget-text-editor\" data-id=\"37ab4ba\" data-element_type=\"widget\" data-widget_type=\"text-editor.default\">\n\t\t\t\t<div class=\"elementor-widget-container\">\n\t\t\t<style>\/*! elementor - v3.8.0 - 30-10-2022 *\/\n.elementor-widget-text-editor.elementor-drop-cap-view-stacked .elementor-drop-cap{background-color:#818a91;color:#fff}.elementor-widget-text-editor.elementor-drop-cap-view-framed .elementor-drop-cap{color:#818a91;border:3px solid;background-color:transparent}.elementor-widget-text-editor:not(.elementor-drop-cap-view-default) .elementor-drop-cap{margin-top:8px}.elementor-widget-text-editor:not(.elementor-drop-cap-view-default) .elementor-drop-cap-letter{width:1em;height:1em}.elementor-widget-text-editor .elementor-drop-cap{float:left;text-align:center;line-height:1;font-size:50px}.elementor-widget-text-editor .elementor-drop-cap-letter{display:inline-block}<\/style>\t\t\t\t<span class=\"fett\">Skandlit <\/span>provides you with the unique opportunity to learn Danish through private lessons, tailored to your individual needs.\n<br><br> Skandlit not only focuses on people planning a short-term visit to Denmark, but also offers quick and practical training for participants preparing for a job position, internship, or academic study in Denmark.\n<br><br>\n<span class=\"fett\">Skandlit<\/span> also provides you with the option of using up-to-date online language learning methods. Through the use of online communication programs, such as Skype, you have the opportunity to learn Danish in your very own home. You only need a computer, a fast Internet connection, headphones and a microphone.\n<br><br>\n<span class=\"fett\">Skandlit<\/span> will work with you to determine the amount of learning hours and materials you need, the teaching time required and the central themes of interest before courses begin.\t\t\t\t\t\t<\/div>\n\t\t\t\t<\/div>\n\t\t\t\t\t<\/div>\n\t\t<\/div>\n\t\t\t\t\t\t\t<\/div>\n\t\t<\/section>\n\t\t\t\t\t\t\t<\/div>","protected":false},"excerpt":{"rendered":"<p>Einzelunterricht Skandlit bietet Ihnen im Einzelunterricht die einzigartige M\u00f6glichkeit, die d\u00e4nische Sprache individuell auf Sie zugeschnitten zu erlernen. Skandlit richtet sich nicht nur an D\u00e4nemark-Urlauber, sondern gibt auch Teilnehmern die ausgezeichnete Gelegenheit, sich in kurzer Zeit auf Arbeitsstelle, Praktikumsplatz oder Studium in D\u00e4nemark vorzubereiten. Skandlit erm\u00f6glicht Ihnen mit der zeitgem\u00e4\u00dfen Methode des Online-Sprachenlernens, z.B. via [&hellip;]<\/p>","protected":false},"author":2,"featured_media":0,"parent":0,"menu_order":0,"comment_status":"closed","ping_status":"closed","template":"elementor_header_footer","meta":{"footnotes":""},"class_list":["post-187","page","type-page","status-publish","hentry"],"_links":{"self":[{"href":"https:\/\/skandlit.de\/en\/wp-json\/wp\/v2\/pages\/187","targetHints":{"allow":["GET"]}}],"collection":[{"href":"https:\/\/skandlit.de\/en\/wp-json\/wp\/v2\/pages"}],"about":[{"href":"https:\/\/skandlit.de\/en\/wp-json\/wp\/v2\/types\/page"}],"author":[{"embeddable":true,"href":"https:\/\/skandlit.de\/en\/wp-json\/wp\/v2\/users\/2"}],"replies":[{"embeddable":true,"href":"https:\/\/skandlit.de\/en\/wp-json\/wp\/v2\/comments?post=187"}],"version-history":[{"count":7,"href":"https:\/\/skandlit.de\/en\/wp-json\/wp\/v2\/pages\/187\/revisions"}],"predecessor-version":[{"id":194,"href":"https:\/\/skandlit.de\/en\/wp-json\/wp\/v2\/pages\/187\/revisions\/194"}],"wp:attachment":[{"href":"https:\/\/skandlit.de\/en\/wp-json\/wp\/v2\/media?parent=187"}],"curies":[{"name":"wp","href":"https:\/\/api.w.org\/{rel}","templated":true}]}}